{"id":110,"date":"2023-10-27T13:37:06","date_gmt":"2023-10-27T13:37:06","guid":{"rendered":"https:\/\/transpa.nl\/?page_id=110"},"modified":"2024-10-28T13:19:55","modified_gmt":"2024-10-28T13:19:55","slug":"vervoer-van-meubelen","status":"publish","type":"page","link":"https:\/\/transpa.nl\/de\/vervoer-van-meubelen\/","title":{"rendered":"M\u00f6beltransport"},"content":{"rendered":"<div data-elementor-type=\"wp-page\" data-elementor-id=\"110\" class=\"elementor elementor-110\" data-elementor-post-type=\"page\">\n\t\t\t\t<div class=\"elementor-element elementor-element-a0e4551 e-flex e-con-boxed e-con e-parent\" data-id=\"a0e4551\" data-element_type=\"container\" data-e-type=\"container\" data-settings=\"{&quot;background_background&quot;:&quot;classic&quot;}\">\n\t\t\t\t\t<div class=\"e-con-inner\">\n\t\t<div class=\"elementor-element elementor-element-47ce371 e-con-full e-flex e-con e-child\" data-id=\"47ce371\" data-element_type=\"container\" data-e-type=\"container\">\n\t\t\t\t<\/div>\n\t\t<div class=\"elementor-element elementor-element-47fc514 e-con-full e-flex e-con e-child\" data-id=\"47fc514\" data-element_type=\"container\" data-e-type=\"container\" data-settings=\"{&quot;background_background&quot;:&quot;classic&quot;}\">\n\t\t\t\t<div class=\"elementor-element elementor-element-7c96a32 elementor-widget elementor-widget-heading\" data-id=\"7c96a32\" data-element_type=\"widget\" data-e-type=\"widget\" data-widget_type=\"heading.default\">\n\t\t\t\t<div class=\"elementor-widget-container\">\n\t\t\t\t\t<h2 class=\"elementor-heading-title elementor-size-default\">M\u00f6beltransport<\/h2>\t\t\t\t<\/div>\n\t\t\t\t<\/div>\n\t\t\t\t<\/div>\n\t\t\t\t\t<\/div>\n\t\t\t\t<\/div>\n\t\t\t\t<section class=\"elementor-section elementor-top-section elementor-element elementor-element-ce022c2 elementor-section-boxed elementor-section-height-default elementor-section-height-default\" data-id=\"ce022c2\" data-element_type=\"section\" data-e-type=\"section\">\n\t\t\t\t\t\t<div class=\"elementor-container elementor-column-gap-default\">\n\t\t\t\t\t<div class=\"elementor-column elementor-col-100 elementor-top-column elementor-element elementor-element-621d9c2\" data-id=\"621d9c2\" data-element_type=\"column\" data-e-type=\"column\">\n\t\t\t<div class=\"elementor-widget-wrap elementor-element-populated\">\n\t\t\t\t\t\t<div class=\"elementor-element elementor-element-3aab2f2 elementor-icon-list--layout-inline elementor-list-item-link-full_width elementor-widget elementor-widget-icon-list\" data-id=\"3aab2f2\" data-element_type=\"widget\" data-e-type=\"widget\" data-widget_type=\"icon-list.default\">\n\t\t\t\t<div class=\"elementor-widget-container\">\n\t\t\t\t\t\t\t<ul class=\"elementor-icon-list-items elementor-inline-items\">\n\t\t\t\t\t\t\t<li class=\"elementor-icon-list-item elementor-inline-item\">\n\t\t\t\t\t\t\t\t\t\t\t<a href=\"https:\/\/transpa.nl\/de\">\n\n\t\t\t\t\t\t\t\t\t\t\t\t<span class=\"elementor-icon-list-icon\">\n\t\t\t\t\t\t\t<svg aria-hidden=\"true\" class=\"e-font-icon-svg e-fas-home\" viewbox=\"0 0 576 512\" xmlns=\"http:\/\/www.w3.org\/2000\/svg\"><path d=\"M280.37 148.26L96 300.11V464a16 16 0 0 0 16 16l112.06-.29a16 16 0 0 0 15.92-16V368a16 16 0 0 1 16-16h64a16 16 0 0 1 16 16v95.64a16 16 0 0 0 16 16.05L464 480a16 16 0 0 0 16-16V300L295.67 148.26a12.19 12.19 0 0 0-15.3 0zM571.6 251.47L488 182.56V44.05a12 12 0 0 0-12-12h-56a12 12 0 0 0-12 12v72.61L318.47 43a48 48 0 0 0-61 0L4.34 251.47a12 12 0 0 0-1.6 16.9l25.5 31A12 12 0 0 0 45.15 301l235.22-193.74a12.19 12.19 0 0 1 15.3 0L530.9 301a12 12 0 0 0 16.9-1.6l25.5-31a12 12 0 0 0-1.7-16.93z\"><\/path><\/svg>\t\t\t\t\t\t<\/span>\n\t\t\t\t\t\t\t\t\t\t<span class=\"elementor-icon-list-text\"><\/span>\n\t\t\t\t\t\t\t\t\t\t\t<\/a>\n\t\t\t\t\t\t\t\t\t<\/li>\n\t\t\t\t\t\t\t\t<li class=\"elementor-icon-list-item elementor-inline-item\">\n\t\t\t\t\t\t\t\t\t\t<span class=\"elementor-icon-list-text\">&gt; Transport von M\u00f6beln<\/span>\n\t\t\t\t\t\t\t\t\t<\/li>\n\t\t\t\t\t\t<\/ul>\n\t\t\t\t\t\t<\/div>\n\t\t\t\t<\/div>\n\t\t\t\t\t<\/div>\n\t\t<\/div>\n\t\t\t\t\t<\/div>\n\t\t<\/section>\n\t\t\t\t<section class=\"elementor-section elementor-top-section elementor-element elementor-element-874b7a3 elementor-section-content-middle elementor-section-boxed elementor-section-height-default elementor-section-height-default\" data-id=\"874b7a3\" data-element_type=\"section\" data-e-type=\"section\" data-settings=\"{&quot;background_background&quot;:&quot;classic&quot;}\">\n\t\t\t\t\t\t\t<div class=\"elementor-background-overlay\"><\/div>\n\t\t\t\t\t\t\t<div class=\"elementor-container elementor-column-gap-no\">\n\t\t\t\t\t<div class=\"elementor-column elementor-col-50 elementor-top-column elementor-element elementor-element-9b169eb\" data-id=\"9b169eb\" data-element_type=\"column\" data-e-type=\"column\" data-settings=\"{&quot;background_background&quot;:&quot;classic&quot;}\">\n\t\t\t<div class=\"elementor-widget-wrap elementor-element-populated\">\n\t\t\t\t\t\t<div class=\"elementor-element elementor-element-d71b199 elementor-widget elementor-widget-heading\" data-id=\"d71b199\" data-element_type=\"widget\" data-e-type=\"widget\" data-widget_type=\"heading.default\">\n\t\t\t\t<div class=\"elementor-widget-container\">\n\t\t\t\t\t<h2 class=\"elementor-heading-title elementor-size-default\">M\u00f6beltransport ist Pr\u00e4zisionsarbeit<\/h2>\t\t\t\t<\/div>\n\t\t\t\t<\/div>\n\t\t\t\t<div class=\"elementor-element elementor-element-480f000 elementor-widget elementor-widget-spacer\" data-id=\"480f000\" data-element_type=\"widget\" data-e-type=\"widget\" data-widget_type=\"spacer.default\">\n\t\t\t\t<div class=\"elementor-widget-container\">\n\t\t\t\t\t\t\t<div class=\"elementor-spacer\">\n\t\t\t<div class=\"elementor-spacer-inner\"><\/div>\n\t\t<\/div>\n\t\t\t\t\t\t<\/div>\n\t\t\t\t<\/div>\n\t\t\t\t<div class=\"elementor-element elementor-element-4f9be5a elementor-widget elementor-widget-text-editor\" data-id=\"4f9be5a\" data-element_type=\"widget\" data-e-type=\"widget\" data-widget_type=\"text-editor.default\">\n\t\t\t\t<div class=\"elementor-widget-container\">\n\t\t\t\t\t\t\t\t\t<p class=\"MsoNormal\" style=\"margin: 0in; font-size: 12pt; font-family: Calibri, sans-serif; color: rgb(0, 0, 0); font-style: normal; font-weight: 400;\"><span style=\"font-family: &quot;PT Sans&quot;, sans-serif; color: rgb(81, 81, 81); background-image: initial; background-position: initial; background-size: initial; background-repeat: initial; background-attachment: initial; background-origin: initial; background-clip: initial;\">Der M\u00f6beltransport sowie die Einrichtung von B\u00fcros, Gesundheits- und Bildungseinrichtungen erfordert Pr\u00e4zision, und darin ist Transpa Emmen zu Hause. Unsere Fahrer gehen beim Be- und Entladen sowie beim Transport \u00e4u\u00dferst vorsichtig mit den oft empfindlichen M\u00f6beln um. Alle Fahrzeuge sind mit Heckklappen ausgestattet, was den Transport gro\u00dfer M\u00f6belsendungen problemlos erm\u00f6glicht. Mit unserer langj\u00e4hrigen Erfahrung in der M\u00f6bellogistik k\u00f6nnen Sie sich stets auf h\u00f6chste Qualit\u00e4t verlassen.\n\nSuchen Sie einen zuverl\u00e4ssigen Partner f\u00fcr Ihren M\u00f6beltransport? Kontaktieren Sie uns noch heute, um die M\u00f6glichkeiten zu besprechen.<\/span><o:p><\/o:p><\/p>\t\t\t\t\t\t\t\t<\/div>\n\t\t\t\t<\/div>\n\t\t\t\t<div class=\"elementor-element elementor-element-288e145 elementor-tablet-align-justify elementor-widget elementor-widget-button\" data-id=\"288e145\" data-element_type=\"widget\" data-e-type=\"widget\" data-widget_type=\"button.default\">\n\t\t\t\t<div class=\"elementor-widget-container\">\n\t\t\t\t\t\t\t\t\t<div class=\"elementor-button-wrapper\">\n\t\t\t\t\t<a class=\"elementor-button elementor-button-link elementor-size-md elementor-animation-float\" href=\"https:\/\/transpa.nl\/de\/contact\/\">\n\t\t\t\t\t\t<span class=\"elementor-button-content-wrapper\">\n\t\t\t\t\t\t\t\t\t<span class=\"elementor-button-text\">Neem contact op &gt;<\/span>\n\t\t\t\t\t<\/span>\n\t\t\t\t\t<\/a>\n\t\t\t\t<\/div>\n\t\t\t\t\t\t\t\t<\/div>\n\t\t\t\t<\/div>\n\t\t\t\t\t<\/div>\n\t\t<\/div>\n\t\t\t\t<div class=\"elementor-column elementor-col-50 elementor-top-column elementor-element elementor-element-24871e8\" data-id=\"24871e8\" data-element_type=\"column\" data-e-type=\"column\" data-settings=\"{&quot;background_background&quot;:&quot;classic&quot;}\">\n\t\t\t<div class=\"elementor-widget-wrap elementor-element-populated\">\n\t\t\t\t\t\t<section class=\"elementor-section elementor-inner-section elementor-element elementor-element-73e574f elementor-section-full_width elementor-section-height-default elementor-section-height-default\" data-id=\"73e574f\" data-element_type=\"section\" data-e-type=\"section\" data-settings=\"{&quot;background_background&quot;:&quot;classic&quot;}\">\n\t\t\t\t\t\t<div class=\"elementor-container elementor-column-gap-no\">\n\t\t\t\t\t<div class=\"elementor-column elementor-col-100 elementor-inner-column elementor-element elementor-element-3f433ed\" data-id=\"3f433ed\" data-element_type=\"column\" data-e-type=\"column\" data-settings=\"{&quot;background_background&quot;:&quot;classic&quot;}\">\n\t\t\t<div class=\"elementor-widget-wrap elementor-element-populated\">\n\t\t\t\t\t\t<div class=\"elementor-element elementor-element-6087905 elementor-widget elementor-widget-image\" data-id=\"6087905\" data-element_type=\"widget\" data-e-type=\"widget\" data-widget_type=\"image.default\">\n\t\t\t\t<div class=\"elementor-widget-container\">\n\t\t\t\t\t\t\t\t\t\t\t\t\t\t\t<img fetchpriority=\"high\" decoding=\"async\" width=\"970\" height=\"646\" src=\"https:\/\/transpa.nl\/wp-content\/uploads\/2023\/10\/conference-room-in-office-.jpeg\" class=\"attachment-full size-full wp-image-135\" alt=\"\" srcset=\"https:\/\/transpa.nl\/wp-content\/uploads\/2023\/10\/conference-room-in-office-.jpeg 970w, https:\/\/transpa.nl\/wp-content\/uploads\/2023\/10\/conference-room-in-office--300x200.jpeg 300w, https:\/\/transpa.nl\/wp-content\/uploads\/2023\/10\/conference-room-in-office--768x511.jpeg 768w\" sizes=\"(max-width: 970px) 100vw, 970px\" \/>\t\t\t\t\t\t\t\t\t\t\t\t\t\t\t<\/div>\n\t\t\t\t<\/div>\n\t\t\t\t\t<\/div>\n\t\t<\/div>\n\t\t\t\t\t<\/div>\n\t\t<\/section>\n\t\t\t\t\t<\/div>\n\t\t<\/div>\n\t\t\t\t\t<\/div>\n\t\t<\/section>\n\t\t\t\t<section class=\"elementor-section elementor-top-section elementor-element elementor-element-1231cf7 elementor-section-height-min-height elementor-section-boxed elementor-section-height-default elementor-section-items-middle\" data-id=\"1231cf7\" data-element_type=\"section\" data-e-type=\"section\" data-settings=\"{&quot;background_background&quot;:&quot;classic&quot;,&quot;shape_divider_top&quot;:&quot;tilt&quot;}\">\n\t\t\t\t\t\t\t<div class=\"elementor-background-overlay\"><\/div>\n\t\t\t\t\t\t<div class=\"elementor-shape elementor-shape-top\" aria-hidden=\"true\" data-negative=\"false\">\n\t\t\t<svg xmlns=\"http:\/\/www.w3.org\/2000\/svg\" viewbox=\"0 0 1000 100\" preserveaspectratio=\"none\">\n\t<path class=\"elementor-shape-fill\" d=\"M0,6V0h1000v100L0,6z\"\/>\n<\/svg>\t\t<\/div>\n\t\t\t\t\t<div class=\"elementor-container elementor-column-gap-default\">\n\t\t\t\t\t<div class=\"elementor-column elementor-col-100 elementor-top-column elementor-element elementor-element-5f8b7f8\" data-id=\"5f8b7f8\" data-element_type=\"column\" data-e-type=\"column\">\n\t\t\t<div class=\"elementor-widget-wrap elementor-element-populated\">\n\t\t\t\t\t\t<div class=\"elementor-element elementor-element-41ef041 elementor-widget elementor-widget-heading\" data-id=\"41ef041\" data-element_type=\"widget\" data-e-type=\"widget\" data-widget_type=\"heading.default\">\n\t\t\t\t<div class=\"elementor-widget-container\">\n\t\t\t\t\t<h2 class=\"elementor-heading-title elementor-size-default\">Interessiert an unseren Dienstleistungen?<\/h2>\t\t\t\t<\/div>\n\t\t\t\t<\/div>\n\t\t\t\t<div class=\"elementor-element elementor-element-13e3ac1 elementor-tablet-align-justify elementor-align-center elementor-mobile-align-center elementor-widget elementor-widget-button\" data-id=\"13e3ac1\" data-element_type=\"widget\" data-e-type=\"widget\" data-widget_type=\"button.default\">\n\t\t\t\t<div class=\"elementor-widget-container\">\n\t\t\t\t\t\t\t\t\t<div class=\"elementor-button-wrapper\">\n\t\t\t\t\t<a class=\"elementor-button elementor-button-link elementor-size-md elementor-animation-float\" href=\"https:\/\/transpa.nl\/de\/contact\/\">\n\t\t\t\t\t\t<span class=\"elementor-button-content-wrapper\">\n\t\t\t\t\t\t\t\t\t<span class=\"elementor-button-text\">Neem contact op &gt;<\/span>\n\t\t\t\t\t<\/span>\n\t\t\t\t\t<\/a>\n\t\t\t\t<\/div>\n\t\t\t\t\t\t\t\t<\/div>\n\t\t\t\t<\/div>\n\t\t\t\t\t<\/div>\n\t\t<\/div>\n\t\t\t\t\t<\/div>\n\t\t<\/section>\n\t\t\t\t<\/div>","protected":false},"excerpt":{"rendered":"<p>Vervoer van meubelen &gt; &nbsp; Vervoer van meubelen Meubeltransport is precisiewerk Meubeltransport en de inrichting van kantoren, zorg- en onderwijsinstellingen is precisiewerk waar Transpa Emmen zich precies in thuis voelt. De chauffeurs gaan bij het laden en lossen en tijdens het transport&nbsp;natuurlijk uiterst behoedzaam om met de vaak kwetsbare meubelen. Alle auto\u2019s zijn voorzien van [&hellip;]<\/p>\n","protected":false},"author":1,"featured_media":0,"parent":0,"menu_order":0,"comment_status":"closed","ping_status":"closed","template":"","meta":{"site-sidebar-layout":"no-sidebar","site-content-layout":"","ast-site-content-layout":"full-width-container","site-content-style":"default","site-sidebar-style":"default","ast-global-header-display":"","ast-banner-title-visibility":"","ast-main-header-display":"","ast-hfb-above-header-display":"","ast-hfb-below-header-display":"","ast-hfb-mobile-header-display":"","site-post-title":"disabled","ast-breadcrumbs-content":"","ast-featured-img":"disabled","footer-sml-layout":"","ast-disable-related-posts":"","theme-transparent-header-meta":"","adv-header-id-meta":"","stick-header-meta":"","header-above-stick-meta":"","header-main-stick-meta":"","header-below-stick-meta":"","astra-migrate-meta-layouts":"default","ast-page-background-enabled":"default","ast-page-background-meta":{"desktop":{"background-color":"var(--ast-global-color-4)","background-image":"","background-repeat":"repeat","background-position":"center center","background-size":"auto","background-attachment":"scroll","background-type":"","background-media":"","overlay-type":"","overlay-color":"","overlay-opacity":"","overlay-gradient":""},"tablet":{"background-color":"","background-image":"","background-repeat":"repeat","background-position":"center center","background-size":"auto","background-attachment":"scroll","background-type":"","background-media":"","overlay-type":"","overlay-color":"","overlay-opacity":"","overlay-gradient":""},"mobile":{"background-color":"","background-image":"","background-repeat":"repeat","background-position":"center center","background-size":"auto","background-attachment":"scroll","background-type":"","background-media":"","overlay-type":"","overlay-color":"","overlay-opacity":"","overlay-gradient":""}},"ast-content-background-meta":{"desktop":{"background-color":"var(--ast-global-color-5)","background-image":"","background-repeat":"repeat","background-position":"center center","background-size":"auto","background-attachment":"scroll","background-type":"","background-media":"","overlay-type":"","overlay-color":"","overlay-opacity":"","overlay-gradient":""},"tablet":{"background-color":"var(--ast-global-color-5)","background-image":"","background-repeat":"repeat","background-position":"center center","background-size":"auto","background-attachment":"scroll","background-type":"","background-media":"","overlay-type":"","overlay-color":"","overlay-opacity":"","overlay-gradient":""},"mobile":{"background-color":"var(--ast-global-color-5)","background-image":"","background-repeat":"repeat","background-position":"center center","background-size":"auto","background-attachment":"scroll","background-type":"","background-media":"","overlay-type":"","overlay-color":"","overlay-opacity":"","overlay-gradient":""}},"footnotes":""},"class_list":["post-110","page","type-page","status-publish","hentry"],"yoast_head":"<!-- This site is optimized with the Yoast SEO plugin v27.3 - https:\/\/yoast.com\/product\/yoast-seo-wordpress\/ -->\n<title>Meubeltransport - Transpa Emmen<\/title>\n<meta name=\"description\" content=\"Meubels vervoeren? Meubeltransport en de inrichting van kantoren, zorg- en onderwijsinstellingen is precisiewerk waar wij ons thuis in voelen.\" \/>\n<meta name=\"robots\" content=\"index, follow, max-snippet:-1, max-image-preview:large, max-video-preview:-1\" \/>\n<link rel=\"canonical\" href=\"https:\/\/transpa.nl\/de\/vervoer-van-meubelen\/\" \/>\n<meta property=\"og:locale\" content=\"de_DE\" \/>\n<meta property=\"og:type\" content=\"article\" \/>\n<meta property=\"og:title\" content=\"Meubeltransport - Transpa Emmen\" \/>\n<meta property=\"og:description\" content=\"Meubels vervoeren? Meubeltransport en de inrichting van kantoren, zorg- en onderwijsinstellingen is precisiewerk waar wij ons thuis in voelen.\" \/>\n<meta property=\"og:url\" content=\"https:\/\/transpa.nl\/de\/vervoer-van-meubelen\/\" \/>\n<meta property=\"og:site_name\" content=\"Transpa Emmen\" \/>\n<meta property=\"article:modified_time\" content=\"2024-10-28T13:19:55+00:00\" \/>\n<meta property=\"og:image\" content=\"https:\/\/transpa.nl\/wp-content\/uploads\/2023\/10\/conference-room-in-office-.jpeg\" \/>\n\t<meta property=\"og:image:width\" content=\"970\" \/>\n\t<meta property=\"og:image:height\" content=\"646\" \/>\n\t<meta property=\"og:image:type\" content=\"image\/jpeg\" \/>\n<meta name=\"twitter:card\" content=\"summary_large_image\" \/>\n<meta name=\"twitter:label1\" content=\"Gesch\u00e4tzte Lesezeit\" \/>\n\t<meta name=\"twitter:data1\" content=\"1\u00a0Minute\" \/>\n<!-- \/ Yoast SEO plugin. -->","yoast_head_json":{"title":"Meubeltransport - Transpa Emmen","description":"Meubels vervoeren? Meubeltransport en de inrichting van kantoren, zorg- en onderwijsinstellingen is precisiewerk waar wij ons thuis in voelen.","robots":{"index":"index","follow":"follow","max-snippet":"max-snippet:-1","max-image-preview":"max-image-preview:large","max-video-preview":"max-video-preview:-1"},"canonical":"https:\/\/transpa.nl\/de\/vervoer-van-meubelen\/","og_locale":"de_DE","og_type":"article","og_title":"Meubeltransport - Transpa Emmen","og_description":"Meubels vervoeren? Meubeltransport en de inrichting van kantoren, zorg- en onderwijsinstellingen is precisiewerk waar wij ons thuis in voelen.","og_url":"https:\/\/transpa.nl\/de\/vervoer-van-meubelen\/","og_site_name":"Transpa Emmen","article_modified_time":"2024-10-28T13:19:55+00:00","og_image":[{"width":970,"height":646,"url":"https:\/\/transpa.nl\/wp-content\/uploads\/2023\/10\/conference-room-in-office-.jpeg","type":"image\/jpeg"}],"twitter_card":"summary_large_image","twitter_misc":{"Gesch\u00e4tzte Lesezeit":"1\u00a0Minute"},"schema":{"@context":"https:\/\/schema.org","@graph":[{"@type":"WebPage","@id":"https:\/\/transpa.nl\/vervoer-van-meubelen\/","url":"https:\/\/transpa.nl\/vervoer-van-meubelen\/","name":"Meubeltransport - Transpa Emmen","isPartOf":{"@id":"https:\/\/transpa.nl\/#website"},"primaryImageOfPage":{"@id":"https:\/\/transpa.nl\/vervoer-van-meubelen\/#primaryimage"},"image":{"@id":"https:\/\/transpa.nl\/vervoer-van-meubelen\/#primaryimage"},"thumbnailUrl":"https:\/\/transpa.nl\/wp-content\/uploads\/2023\/10\/conference-room-in-office-.jpeg","datePublished":"2023-10-27T13:37:06+00:00","dateModified":"2024-10-28T13:19:55+00:00","description":"Meubels vervoeren? Meubeltransport en de inrichting van kantoren, zorg- en onderwijsinstellingen is precisiewerk waar wij ons thuis in voelen.","breadcrumb":{"@id":"https:\/\/transpa.nl\/vervoer-van-meubelen\/#breadcrumb"},"inLanguage":"de","potentialAction":[{"@type":"ReadAction","target":["https:\/\/transpa.nl\/vervoer-van-meubelen\/"]}]},{"@type":"ImageObject","inLanguage":"de","@id":"https:\/\/transpa.nl\/vervoer-van-meubelen\/#primaryimage","url":"https:\/\/transpa.nl\/wp-content\/uploads\/2023\/10\/conference-room-in-office-.jpeg","contentUrl":"https:\/\/transpa.nl\/wp-content\/uploads\/2023\/10\/conference-room-in-office-.jpeg"},{"@type":"BreadcrumbList","@id":"https:\/\/transpa.nl\/vervoer-van-meubelen\/#breadcrumb","itemListElement":[{"@type":"ListItem","position":1,"name":"Home","item":"https:\/\/transpa.nl\/"},{"@type":"ListItem","position":2,"name":"Vervoer van meubelen"}]},{"@type":"WebSite","@id":"https:\/\/transpa.nl\/#website","url":"https:\/\/transpa.nl\/","name":"Transpa Emmen","description":"Transpa Emmen","potentialAction":[{"@type":"SearchAction","target":{"@type":"EntryPoint","urlTemplate":"https:\/\/transpa.nl\/?s={search_term_string}"},"query-input":{"@type":"PropertyValueSpecification","valueRequired":true,"valueName":"search_term_string"}}],"inLanguage":"de"}]}},"_links":{"self":[{"href":"https:\/\/transpa.nl\/de\/wp-json\/wp\/v2\/pages\/110","targetHints":{"allow":["GET"]}}],"collection":[{"href":"https:\/\/transpa.nl\/de\/wp-json\/wp\/v2\/pages"}],"about":[{"href":"https:\/\/transpa.nl\/de\/wp-json\/wp\/v2\/types\/page"}],"author":[{"embeddable":true,"href":"https:\/\/transpa.nl\/de\/wp-json\/wp\/v2\/users\/1"}],"replies":[{"embeddable":true,"href":"https:\/\/transpa.nl\/de\/wp-json\/wp\/v2\/comments?post=110"}],"version-history":[{"count":173,"href":"https:\/\/transpa.nl\/de\/wp-json\/wp\/v2\/pages\/110\/revisions"}],"predecessor-version":[{"id":2007,"href":"https:\/\/transpa.nl\/de\/wp-json\/wp\/v2\/pages\/110\/revisions\/2007"}],"wp:attachment":[{"href":"https:\/\/transpa.nl\/de\/wp-json\/wp\/v2\/media?parent=110"}],"curies":[{"name":"wp","href":"https:\/\/api.w.org\/{rel}","templated":true}]}}